{"id":3704,"date":"2021-11-22T19:19:22","date_gmt":"2021-11-22T19:19:22","guid":{"rendered":"https:\/\/pascalchesnot.com\/index.php\/nous-contacter\/"},"modified":"2025-10-06T17:06:30","modified_gmt":"2025-10-06T16:06:30","slug":"nous-contacter","status":"publish","type":"page","link":"http:\/\/pascalchesnot.com\/fr\/nous-contacter\/","title":{"rendered":"Nous contacter"},"content":{"rendered":"\t\t<div data-elementor-type=\"wp-page\" data-elementor-id=\"3704\" class=\"elementor elementor-3704 elementor-233\" data-elementor-post-type=\"page\">\n\t\t\t\t\t\t<section class=\"elementor-section elementor-top-section elementor-element elementor-element-5c4d642e elementor-section-height-min-height elementor-section-items-stretch elementor-section-content-top elementor-section-full_width elementor-section-height-default\" data-id=\"5c4d642e\" data-element_type=\"section\" data-e-type=\"section\" data-settings=\"{&quot;background_background&quot;:&quot;classic&quot;}\">\n\t\t\t\t\t\t<div class=\"elementor-container elementor-column-gap-no\">\n\t\t\t\t\t<div class=\"elementor-column elementor-col-100 elementor-top-column elementor-element elementor-element-6350e5f9\" data-id=\"6350e5f9\" data-element_type=\"column\" data-e-type=\"column\">\n\t\t\t<div class=\"elementor-widget-wrap elementor-element-populated\">\n\t\t\t\t\t\t<section class=\"elementor-section elementor-inner-section elementor-element elementor-element-3ff05345 elementor-section-boxed elementor-section-height-default elementor-section-height-default\" data-id=\"3ff05345\" data-element_type=\"section\" data-e-type=\"section\">\n\t\t\t\t\t\t<div class=\"elementor-container elementor-column-gap-no\">\n\t\t\t\t\t<div class=\"elementor-column elementor-col-100 elementor-inner-column elementor-element elementor-element-7ca1f99f\" data-id=\"7ca1f99f\" data-element_type=\"column\" data-e-type=\"column\">\n\t\t\t<div class=\"elementor-widget-wrap elementor-element-populated\">\n\t\t\t\t\t\t<div class=\"elementor-element elementor-element-377dbdb elementor-widget elementor-widget-spacer\" data-id=\"377dbdb\" data-element_type=\"widget\" data-e-type=\"widget\" data-widget_type=\"spacer.default\">\n\t\t\t\t\t\t\t<div class=\"elementor-spacer\">\n\t\t\t<div class=\"elementor-spacer-inner\"><\/div>\n\t\t<\/div>\n\t\t\t\t\t\t<\/div>\n\t\t\t\t<div class=\"elementor-element elementor-element-36ebf6e1 elementor-invisible elementor-widget elementor-widget-heading\" data-id=\"36ebf6e1\" data-element_type=\"widget\" data-e-type=\"widget\" data-settings=\"{&quot;_animation&quot;:&quot;fadeIn&quot;}\" data-widget_type=\"heading.default\">\n\t\t\t\t\t<h1 class=\"elementor-heading-title elementor-size-default\">contactez-moi<\/h1>\t\t\t\t<\/div>\n\t\t\t\t<div class=\"elementor-element elementor-element-70d1247a elementor-widget-divider--view-line elementor-invisible elementor-widget elementor-widget-divider\" data-id=\"70d1247a\" data-element_type=\"widget\" data-e-type=\"widget\" data-settings=\"{&quot;_animation&quot;:&quot;fadeIn&quot;,&quot;_animation_delay&quot;:&quot;200&quot;}\" data-widget_type=\"divider.default\">\n\t\t\t\t\t\t\t<div class=\"elementor-divider\">\n\t\t\t<span class=\"elementor-divider-separator\">\n\t\t\t\t\t\t<\/span>\n\t\t<\/div>\n\t\t\t\t\t\t<\/div>\n\t\t\t\t<div class=\"elementor-element elementor-element-36c120cd elementor-widget elementor-widget-text-editor\" data-id=\"36c120cd\" data-element_type=\"widget\" data-e-type=\"widget\" data-widget_type=\"text-editor.default\">\n\t\t\t\t\t\t\t\t\t<p>Pour plus d&rsquo;informations sur mes propri\u00e9t\u00e9s, n&rsquo;h\u00e9sitez pas \u00e0 me contacter.<\/p>\t\t\t\t\t\t\t\t<\/div>\n\t\t\t\t<div class=\"elementor-element elementor-element-4432d935 elementor-position-inline-start elementor-view-default elementor-mobile-position-block-start elementor-widget elementor-widget-icon-box\" data-id=\"4432d935\" data-element_type=\"widget\" data-e-type=\"widget\" data-widget_type=\"icon-box.default\">\n\t\t\t\t\t\t\t<div class=\"elementor-icon-box-wrapper\">\n\n\t\t\t\t\t\t<div class=\"elementor-icon-box-icon\">\n\t\t\t\t<span  class=\"elementor-icon\">\n\t\t\t\t<svg xmlns=\"http:\/\/www.w3.org\/2000\/svg\" id=\"f7651d76-ee00-4083-9c64-2796abaebea1\" data-name=\"Layer 1\" width=\"45\" height=\"34.6149\" viewBox=\"0 0 45 34.6149\"><path d=\"M1,.7692V35.3841H46V.7692Zm43.06.9575L23.5,16.3357,2.9391,1.7267Zm-42.1029,32.7V2.2038L23.5,17.51,45.0425,2.2042V34.4266Z\" transform=\"translate(-1 -0.7692)\"><\/path><rect x=\"4.6152\" y=\"24.3289\" width=\"10.9615\" height=\"0.9575\"><\/rect><rect x=\"4.6152\" y=\"28.3672\" width=\"5.7695\" height=\"0.9574\"><\/rect><\/svg>\t\t\t\t<\/span>\n\t\t\t<\/div>\n\t\t\t\n\t\t\t\t\t\t<div class=\"elementor-icon-box-content\">\n\n\t\t\t\t\t\t\t\t\t<h4 class=\"elementor-icon-box-title\">\n\t\t\t\t\t\t<span  >\n\t\t\t\t\t\t\tInformations de contact\t\t\t\t\t\t<\/span>\n\t\t\t\t\t<\/h4>\n\t\t\t\t\n\t\t\t\t\t\t\t\t\t<p class=\"elementor-icon-box-description\">\n\t\t\t\t\t\t(+351) 964 841 529 <br>pascalchesnot@gmail.com\t\t\t\t\t<\/p>\n\t\t\t\t\n\t\t\t<\/div>\n\t\t\t\n\t\t<\/div>\n\t\t\t\t\t\t<\/div>\n\t\t\t\t<div class=\"elementor-element elementor-element-6c246266 elementor-position-inline-start elementor-view-default elementor-mobile-position-block-start elementor-widget elementor-widget-icon-box\" data-id=\"6c246266\" data-element_type=\"widget\" data-e-type=\"widget\" data-widget_type=\"icon-box.default\">\n\t\t\t\t\t\t\t<div class=\"elementor-icon-box-wrapper\">\n\n\t\t\t\t\t\t<div class=\"elementor-icon-box-icon\">\n\t\t\t\t<span  class=\"elementor-icon\">\n\t\t\t\t<svg xmlns=\"http:\/\/www.w3.org\/2000\/svg\" id=\"f4c81fb4-425f-4ac6-9e17-c0fe23bc1ab5\" data-name=\"Layer 1\" width=\"28.8462\" height=\"45\" viewBox=\"0 0 28.8462 45\"><path d=\"M22.7115,32.9362a90.8161,90.8161,0,0,0,4.96-9.147c1.4982-3.2848,2.2519-5.8716,2.2519-7.6861a14.4231,14.4231,0,0,0-28.8462,0c0,1.8145.7537,4.4013,2.2519,7.6861a90.8161,90.8161,0,0,0,4.96,9.147c1.861,3.0614,3.722,5.853,4.96,7.6489.093.14.1861.27.27.4a17.4648,17.4648,0,0,0-4.1408.7724,6.3447,6.3447,0,0,0-1.8518.9118,1.2729,1.2729,0,0,0,0,2.2519,6.1185,6.1185,0,0,0,1.8518.9119A20.0544,20.0544,0,0,0,15.5,46.68a20.0544,20.0544,0,0,0,6.1228-.8468,6.1185,6.1185,0,0,0,1.8518-.9119,1.2729,1.2729,0,0,0,0-2.2519,6.3447,6.3447,0,0,0-1.8518-.9118,17.5478,17.5478,0,0,0-4.15-.7724c.093-.13.1861-.2605.2791-.4C18.99,38.7892,20.8505,35.9976,22.7115,32.9362Zm-1.3864,9.7054a5.2549,5.2549,0,0,1,1.5726.763c.27.2047.3256.3535.3256.3908s-.0558.1861-.3256.3908a5.3739,5.3739,0,0,1-1.5726.763,18.9786,18.9786,0,0,1-5.8251.8,18.9786,18.9786,0,0,1-5.8251-.8,5.3739,5.3739,0,0,1-1.5726-.763c-.27-.2047-.3256-.3536-.3256-.3908s.0558-.1861.3256-.3908a5.2549,5.2549,0,0,1,1.5726-.763,17.46,17.46,0,0,1,4.4665-.7631c.2792.4095.53.7631.7352,1.0515l.6234.8654.6234-.8654c.2048-.2884.4467-.642.7352-1.0515A17.46,17.46,0,0,1,21.3251,42.6416ZM16.9888,40.064c-.2047.3071-.4094.5862-.5955.8561-.2326.3443-.456.6513-.6514.9212-.0837.13-.1674.2419-.2419.3536-.0745-.1117-.1582-.2233-.2419-.3536-.1954-.27-.4188-.5769-.6514-.9212-.1861-.27-.3908-.549-.5955-.8561-1.2283-1.7959-3.08-4.5688-4.9318-7.6117a90.6281,90.6281,0,0,1-4.9038-9.0447c-1.4423-3.1637-2.1682-5.62-2.1682-7.3045a13.4926,13.4926,0,1,1,26.9852,0c0,1.6842-.7259,4.1408-2.1682,7.3045a89.7474,89.7474,0,0,1-4.9038,9.0447C20.0688,35.4952,18.2171,38.2681,16.9888,40.064Z\" transform=\"translate(-1.0769 -1.68)\"><\/path><path d=\"M15.5,8.6031a5.7693,5.7693,0,1,0,5.7692,5.7692A5.7741,5.7741,0,0,0,15.5,8.6031Zm0,10.6079a4.8387,4.8387,0,1,1,4.8387-4.8387A4.8409,4.8409,0,0,1,15.5,19.211Z\" transform=\"translate(-1.0769 -1.68)\"><\/path><\/svg>\t\t\t\t<\/span>\n\t\t\t<\/div>\n\t\t\t\n\t\t\t\t\t\t<div class=\"elementor-icon-box-content\">\n\n\t\t\t\t\t\t\t\t\t<h4 class=\"elementor-icon-box-title\">\n\t\t\t\t\t\t<span  >\n\t\t\t\t\t\t\tO\u00f9 ?\t\t\t\t\t\t<\/span>\n\t\t\t\t\t<\/h4>\n\t\t\t\t\n\t\t\t\t\t\t\t\t\t<p class=\"elementor-icon-box-description\">\n\t\t\t\t\t\tLisbonne et ses environs...\t\t\t\t\t<\/p>\n\t\t\t\t\n\t\t\t<\/div>\n\t\t\t\n\t\t<\/div>\n\t\t\t\t\t\t<\/div>\n\t\t\t\t\t<\/div>\n\t\t<\/div>\n\t\t\t\t\t<\/div>\n\t\t<\/section>\n\t\t\t\t<div class=\"elementor-element elementor-element-684e0996 elementor-widget__width-initial elementor-widget-tablet__width-initial elementor-widget-mobile__width-inherit elementor-absolute elementor-invisible elementor-widget elementor-widget-image\" data-id=\"684e0996\" data-element_type=\"widget\" data-e-type=\"widget\" data-settings=\"{&quot;_animation&quot;:&quot;slideInRight&quot;,&quot;_position&quot;:&quot;absolute&quot;}\" data-widget_type=\"image.default\">\n\t\t\t\t\t\t\t\t\t\t\t\t\t\t\t<img fetchpriority=\"high\" decoding=\"async\" width=\"700\" height=\"826\" src=\"http:\/\/pascalchesnot.com\/wp-content\/uploads\/2022\/01\/29_BC.jpg\" class=\"attachment-large size-large wp-image-3701\" alt=\"\" srcset=\"http:\/\/pascalchesnot.com\/wp-content\/uploads\/2022\/01\/29_BC.jpg 700w, http:\/\/pascalchesnot.com\/wp-content\/uploads\/2022\/01\/29_BC-254x300.jpg 254w\" sizes=\"(max-width: 700px) 100vw, 700px\" \/>\t\t\t\t\t\t\t\t\t\t\t\t\t\t\t<\/div>\n\t\t\t\t\t<\/div>\n\t\t<\/div>\n\t\t\t\t\t<\/div>\n\t\t<\/section>\n\t\t\t\t<section class=\"elementor-section elementor-top-section elementor-element elementor-element-b51c971 elementor-section-boxed elementor-section-height-default elementor-section-height-default\" data-id=\"b51c971\" data-element_type=\"section\" data-e-type=\"section\">\n\t\t\t\t\t\t<div class=\"elementor-container elementor-column-gap-default\">\n\t\t\t\t\t<div class=\"elementor-column elementor-col-50 elementor-top-column elementor-element elementor-element-93cf884\" data-id=\"93cf884\" data-element_type=\"column\" data-e-type=\"column\">\n\t\t\t<div class=\"elementor-widget-wrap elementor-element-populated\">\n\t\t\t\t\t\t<div class=\"elementor-element elementor-element-5bb1022 elementor-invisible elementor-widget elementor-widget-heading\" data-id=\"5bb1022\" data-element_type=\"widget\" data-e-type=\"widget\" data-settings=\"{&quot;_animation&quot;:&quot;fadeIn&quot;,&quot;_animation_delay&quot;:&quot;400&quot;}\" data-widget_type=\"heading.default\">\n\t\t\t\t\t<h2 class=\"elementor-heading-title elementor-size-default\">Veuillez remplir le formulaire pour me contacter directement depuis ici\n<\/h2>\t\t\t\t<\/div>\n\t\t\t\t\t<\/div>\n\t\t<\/div>\n\t\t\t\t<div class=\"elementor-column elementor-col-50 elementor-top-column elementor-element elementor-element-2eb9a11\" data-id=\"2eb9a11\" data-element_type=\"column\" data-e-type=\"column\">\n\t\t\t<div class=\"elementor-widget-wrap elementor-element-populated\">\n\t\t\t\t\t\t<div class=\"elementor-element elementor-element-a0f4f77 elementor-button-align-stretch elementor-widget elementor-widget-form\" data-id=\"a0f4f77\" data-element_type=\"widget\" data-e-type=\"widget\" data-settings=\"{&quot;button_width&quot;:&quot;33&quot;,&quot;step_next_label&quot;:&quot;Suivant&quot;,&quot;step_previous_label&quot;:&quot;Pr\\u00e9c\\u00e9dent&quot;,&quot;step_type&quot;:&quot;number_text&quot;,&quot;step_icon_shape&quot;:&quot;circle&quot;}\" data-widget_type=\"form.default\">\n\t\t\t\t\t\t\t<form class=\"elementor-form\" method=\"post\" name=\"Nouveau formulaire\" aria-label=\"Nouveau formulaire\">\n\t\t\t<input type=\"hidden\" name=\"post_id\" value=\"3704\"\/>\n\t\t\t<input type=\"hidden\" name=\"form_id\" value=\"a0f4f77\"\/>\n\t\t\t<input type=\"hidden\" name=\"referer_title\" value=\"Nous contacter - Pascal Chesnot\" \/>\n\n\t\t\t\t\t\t\t<input type=\"hidden\" name=\"queried_id\" value=\"3704\"\/>\n\t\t\t\n\t\t\t<div class=\"elementor-form-fields-wrapper elementor-labels-\">\n\t\t\t\t\t\t\t\t<div class=\"elementor-field-type-text elementor-field-group elementor-column elementor-field-group-name elementor-col-100\">\n\t\t\t\t\t\t\t\t\t\t\t\t<label for=\"form-field-name\" class=\"elementor-field-label elementor-screen-only\">\n\t\t\t\t\t\t\t\tNom\t\t\t\t\t\t\t<\/label>\n\t\t\t\t\t\t\t\t\t\t\t\t\t\t<input size=\"1\" type=\"text\" name=\"form_fields[name]\" id=\"form-field-name\" class=\"elementor-field elementor-size-sm  elementor-field-textual\" placeholder=\"Nom\">\n\t\t\t\t\t\t\t\t\t\t\t<\/div>\n\t\t\t\t\t\t\t\t<div class=\"elementor-field-type-email elementor-field-group elementor-column elementor-field-group-email elementor-col-100 elementor-field-required\">\n\t\t\t\t\t\t\t\t\t\t\t\t<label for=\"form-field-email\" class=\"elementor-field-label elementor-screen-only\">\n\t\t\t\t\t\t\t\tE-mail\t\t\t\t\t\t\t<\/label>\n\t\t\t\t\t\t\t\t\t\t\t\t\t\t<input size=\"1\" type=\"email\" name=\"form_fields[email]\" id=\"form-field-email\" class=\"elementor-field elementor-size-sm  elementor-field-textual\" placeholder=\"E-mail\" required=\"required\">\n\t\t\t\t\t\t\t\t\t\t\t<\/div>\n\t\t\t\t\t\t\t\t<div class=\"elementor-field-type-textarea elementor-field-group elementor-column elementor-field-group-message elementor-col-100\">\n\t\t\t\t\t\t\t\t\t\t\t\t<label for=\"form-field-message\" class=\"elementor-field-label elementor-screen-only\">\n\t\t\t\t\t\t\t\tMessage\t\t\t\t\t\t\t<\/label>\n\t\t\t\t\t\t<textarea class=\"elementor-field-textual elementor-field  elementor-size-sm\" name=\"form_fields[message]\" id=\"form-field-message\" rows=\"4\" placeholder=\"Message\"><\/textarea>\t\t\t\t<\/div>\n\t\t\t\t\t\t\t\t<div class=\"elementor-field-type-recaptcha_v3 elementor-field-group elementor-column elementor-field-group-field_a05e96f elementor-col-100 recaptcha_v3-bottomright\">\n\t\t\t\t\t<div class=\"elementor-field\" id=\"form-field-field_a05e96f\"><div class=\"elementor-g-recaptcha\" data-sitekey=\"6LfAhsIrAAAAAEHMdlZUV-fuNu-vti-0cQVXytZm\" data-type=\"v3\" data-action=\"Form\" data-badge=\"bottomright\" data-size=\"invisible\"><\/div><\/div>\t\t\t\t<\/div>\n\t\t\t\t\t\t\t\t<div class=\"elementor-field-group elementor-column elementor-field-type-submit elementor-col-33 e-form__buttons\">\n\t\t\t\t\t<button class=\"elementor-button elementor-size-sm\" type=\"submit\">\n\t\t\t\t\t\t<span class=\"elementor-button-content-wrapper\">\n\t\t\t\t\t\t\t\t\t\t\t\t\t\t\t\t\t\t\t\t\t\t<span class=\"elementor-button-text\">Envoyer<\/span>\n\t\t\t\t\t\t\t\t\t\t\t\t\t<\/span>\n\t\t\t\t\t<\/button>\n\t\t\t\t<\/div>\n\t\t\t<\/div>\n\t\t<\/form>\n\t\t\t\t\t\t<\/div>\n\t\t\t\t\t<\/div>\n\t\t<\/div>\n\t\t\t\t\t<\/div>\n\t\t<\/section>\n\t\t\t\t<\/div>\n\t\t","protected":false},"excerpt":{"rendered":"<p>contactez-moi Pour plus d&rsquo;informations sur mes propri\u00e9t\u00e9s, n&rsquo;h\u00e9sitez pas \u00e0 me contacter. Informations de contact (+351) 964 841 529 pascalchesnot@gmail.com O\u00f9 ? Lisbonne et ses environs&#8230; Veuillez remplir le formulaire pour me contacter directement depuis ici<\/p>\n","protected":false},"author":2,"featured_media":0,"parent":0,"menu_order":0,"comment_status":"closed","ping_status":"closed","template":"","meta":{"_acf_changed":false,"footnotes":""},"class_list":["post-3704","page","type-page","status-publish","hentry"],"acf":[],"yoast_head":"<!-- This site is optimized with the Yoast SEO plugin v27.4 - https:\/\/yoast.com\/product\/yoast-seo-wordpress\/ -->\n<title>Nous contacter - Pascal Chesnot<\/title>\n<meta name=\"description\" content=\"Contactez-moi - Pour plus d&#039;informations sur mes propri\u00e9t\u00e9s, n&#039;h\u00e9sitez pas \u00e0 me contacter.\" \/>\n<meta name=\"robots\" content=\"index, follow, max-snippet:-1, max-image-preview:large, max-video-preview:-1\" \/>\n<link rel=\"canonical\" href=\"http:\/\/pascalchesnot.com\/fr\/nous-contacter\/\" \/>\n<meta property=\"og:locale\" content=\"fr_FR\" \/>\n<meta property=\"og:type\" content=\"article\" \/>\n<meta property=\"og:title\" content=\"Nous contacter - Pascal Chesnot\" \/>\n<meta property=\"og:description\" content=\"Contactez-moi - Pour plus d&#039;informations sur mes propri\u00e9t\u00e9s, n&#039;h\u00e9sitez pas \u00e0 me contacter.\" \/>\n<meta property=\"og:url\" content=\"http:\/\/pascalchesnot.com\/fr\/nous-contacter\/\" \/>\n<meta property=\"og:site_name\" content=\"Pascal Chesnot\" \/>\n<meta property=\"article:modified_time\" content=\"2025-10-06T16:06:30+00:00\" \/>\n<meta property=\"og:image\" content=\"https:\/\/pascalchesnot.com\/wp-content\/uploads\/2022\/01\/29_BC.jpg\" \/>\n<meta name=\"twitter:card\" content=\"summary_large_image\" \/>\n<script type=\"application\/ld+json\" class=\"yoast-schema-graph\">{\"@context\":\"https:\\\/\\\/schema.org\",\"@graph\":[{\"@type\":\"WebPage\",\"@id\":\"http:\\\/\\\/pascalchesnot.com\\\/fr\\\/nous-contacter\\\/\",\"url\":\"http:\\\/\\\/pascalchesnot.com\\\/fr\\\/nous-contacter\\\/\",\"name\":\"Nous contacter - Pascal Chesnot\",\"isPartOf\":{\"@id\":\"http:\\\/\\\/pascalchesnot.com\\\/fr\\\/#website\"},\"primaryImageOfPage\":{\"@id\":\"http:\\\/\\\/pascalchesnot.com\\\/fr\\\/nous-contacter\\\/#primaryimage\"},\"image\":{\"@id\":\"http:\\\/\\\/pascalchesnot.com\\\/fr\\\/nous-contacter\\\/#primaryimage\"},\"thumbnailUrl\":\"https:\\\/\\\/pascalchesnot.com\\\/wp-content\\\/uploads\\\/2022\\\/01\\\/29_BC.jpg\",\"datePublished\":\"2021-11-22T19:19:22+00:00\",\"dateModified\":\"2025-10-06T16:06:30+00:00\",\"description\":\"Contactez-moi - Pour plus d'informations sur mes propri\u00e9t\u00e9s, n'h\u00e9sitez pas \u00e0 me contacter.\",\"breadcrumb\":{\"@id\":\"http:\\\/\\\/pascalchesnot.com\\\/fr\\\/nous-contacter\\\/#breadcrumb\"},\"inLanguage\":\"fr-FR\",\"potentialAction\":[{\"@type\":\"ReadAction\",\"target\":[\"http:\\\/\\\/pascalchesnot.com\\\/fr\\\/nous-contacter\\\/\"]}]},{\"@type\":\"ImageObject\",\"inLanguage\":\"fr-FR\",\"@id\":\"http:\\\/\\\/pascalchesnot.com\\\/fr\\\/nous-contacter\\\/#primaryimage\",\"url\":\"https:\\\/\\\/pascalchesnot.com\\\/wp-content\\\/uploads\\\/2022\\\/01\\\/29_BC.jpg\",\"contentUrl\":\"https:\\\/\\\/pascalchesnot.com\\\/wp-content\\\/uploads\\\/2022\\\/01\\\/29_BC.jpg\"},{\"@type\":\"BreadcrumbList\",\"@id\":\"http:\\\/\\\/pascalchesnot.com\\\/fr\\\/nous-contacter\\\/#breadcrumb\",\"itemListElement\":[{\"@type\":\"ListItem\",\"position\":1,\"name\":\"Accueil\",\"item\":\"https:\\\/\\\/pascalchesnot.com\\\/fr\\\/\"},{\"@type\":\"ListItem\",\"position\":2,\"name\":\"Nous contacter\"}]},{\"@type\":\"WebSite\",\"@id\":\"http:\\\/\\\/pascalchesnot.com\\\/fr\\\/#website\",\"url\":\"http:\\\/\\\/pascalchesnot.com\\\/fr\\\/\",\"name\":\"Pascal Chesnot\",\"description\":\"Real Estate Consulting &amp; Global Solution\",\"publisher\":{\"@id\":\"http:\\\/\\\/pascalchesnot.com\\\/fr\\\/#organization\"},\"potentialAction\":[{\"@type\":\"SearchAction\",\"target\":{\"@type\":\"EntryPoint\",\"urlTemplate\":\"http:\\\/\\\/pascalchesnot.com\\\/fr\\\/?s={search_term_string}\"},\"query-input\":{\"@type\":\"PropertyValueSpecification\",\"valueRequired\":true,\"valueName\":\"search_term_string\"}}],\"inLanguage\":\"fr-FR\"},{\"@type\":\"Organization\",\"@id\":\"http:\\\/\\\/pascalchesnot.com\\\/fr\\\/#organization\",\"name\":\"Pascal Chesnot\",\"url\":\"http:\\\/\\\/pascalchesnot.com\\\/fr\\\/\",\"logo\":{\"@type\":\"ImageObject\",\"inLanguage\":\"fr-FR\",\"@id\":\"http:\\\/\\\/pascalchesnot.com\\\/fr\\\/#\\\/schema\\\/logo\\\/image\\\/\",\"url\":\"http:\\\/\\\/pascalchesnot.com\\\/wp-content\\\/uploads\\\/2021\\\/11\\\/LOGO-BLEU-FOND-TRANSPARENT-1.png\",\"contentUrl\":\"http:\\\/\\\/pascalchesnot.com\\\/wp-content\\\/uploads\\\/2021\\\/11\\\/LOGO-BLEU-FOND-TRANSPARENT-1.png\",\"width\":1556,\"height\":723,\"caption\":\"Pascal Chesnot\"},\"image\":{\"@id\":\"http:\\\/\\\/pascalchesnot.com\\\/fr\\\/#\\\/schema\\\/logo\\\/image\\\/\"}}]}<\/script>\n<!-- \/ Yoast SEO plugin. -->","yoast_head_json":{"title":"Nous contacter - Pascal Chesnot","description":"Contactez-moi - Pour plus d'informations sur mes propri\u00e9t\u00e9s, n'h\u00e9sitez pas \u00e0 me contacter.","robots":{"index":"index","follow":"follow","max-snippet":"max-snippet:-1","max-image-preview":"max-image-preview:large","max-video-preview":"max-video-preview:-1"},"canonical":"http:\/\/pascalchesnot.com\/fr\/nous-contacter\/","og_locale":"fr_FR","og_type":"article","og_title":"Nous contacter - Pascal Chesnot","og_description":"Contactez-moi - Pour plus d'informations sur mes propri\u00e9t\u00e9s, n'h\u00e9sitez pas \u00e0 me contacter.","og_url":"http:\/\/pascalchesnot.com\/fr\/nous-contacter\/","og_site_name":"Pascal Chesnot","article_modified_time":"2025-10-06T16:06:30+00:00","og_image":[{"url":"https:\/\/pascalchesnot.com\/wp-content\/uploads\/2022\/01\/29_BC.jpg","type":"","width":"","height":""}],"twitter_card":"summary_large_image","schema":{"@context":"https:\/\/schema.org","@graph":[{"@type":"WebPage","@id":"http:\/\/pascalchesnot.com\/fr\/nous-contacter\/","url":"http:\/\/pascalchesnot.com\/fr\/nous-contacter\/","name":"Nous contacter - Pascal Chesnot","isPartOf":{"@id":"http:\/\/pascalchesnot.com\/fr\/#website"},"primaryImageOfPage":{"@id":"http:\/\/pascalchesnot.com\/fr\/nous-contacter\/#primaryimage"},"image":{"@id":"http:\/\/pascalchesnot.com\/fr\/nous-contacter\/#primaryimage"},"thumbnailUrl":"https:\/\/pascalchesnot.com\/wp-content\/uploads\/2022\/01\/29_BC.jpg","datePublished":"2021-11-22T19:19:22+00:00","dateModified":"2025-10-06T16:06:30+00:00","description":"Contactez-moi - Pour plus d'informations sur mes propri\u00e9t\u00e9s, n'h\u00e9sitez pas \u00e0 me contacter.","breadcrumb":{"@id":"http:\/\/pascalchesnot.com\/fr\/nous-contacter\/#breadcrumb"},"inLanguage":"fr-FR","potentialAction":[{"@type":"ReadAction","target":["http:\/\/pascalchesnot.com\/fr\/nous-contacter\/"]}]},{"@type":"ImageObject","inLanguage":"fr-FR","@id":"http:\/\/pascalchesnot.com\/fr\/nous-contacter\/#primaryimage","url":"https:\/\/pascalchesnot.com\/wp-content\/uploads\/2022\/01\/29_BC.jpg","contentUrl":"https:\/\/pascalchesnot.com\/wp-content\/uploads\/2022\/01\/29_BC.jpg"},{"@type":"BreadcrumbList","@id":"http:\/\/pascalchesnot.com\/fr\/nous-contacter\/#breadcrumb","itemListElement":[{"@type":"ListItem","position":1,"name":"Accueil","item":"https:\/\/pascalchesnot.com\/fr\/"},{"@type":"ListItem","position":2,"name":"Nous contacter"}]},{"@type":"WebSite","@id":"http:\/\/pascalchesnot.com\/fr\/#website","url":"http:\/\/pascalchesnot.com\/fr\/","name":"Pascal Chesnot","description":"Real Estate Consulting &amp; Global Solution","publisher":{"@id":"http:\/\/pascalchesnot.com\/fr\/#organization"},"potentialAction":[{"@type":"SearchAction","target":{"@type":"EntryPoint","urlTemplate":"http:\/\/pascalchesnot.com\/fr\/?s={search_term_string}"},"query-input":{"@type":"PropertyValueSpecification","valueRequired":true,"valueName":"search_term_string"}}],"inLanguage":"fr-FR"},{"@type":"Organization","@id":"http:\/\/pascalchesnot.com\/fr\/#organization","name":"Pascal Chesnot","url":"http:\/\/pascalchesnot.com\/fr\/","logo":{"@type":"ImageObject","inLanguage":"fr-FR","@id":"http:\/\/pascalchesnot.com\/fr\/#\/schema\/logo\/image\/","url":"http:\/\/pascalchesnot.com\/wp-content\/uploads\/2021\/11\/LOGO-BLEU-FOND-TRANSPARENT-1.png","contentUrl":"http:\/\/pascalchesnot.com\/wp-content\/uploads\/2021\/11\/LOGO-BLEU-FOND-TRANSPARENT-1.png","width":1556,"height":723,"caption":"Pascal Chesnot"},"image":{"@id":"http:\/\/pascalchesnot.com\/fr\/#\/schema\/logo\/image\/"}}]}},"_links":{"self":[{"href":"http:\/\/pascalchesnot.com\/fr\/wp-json\/wp\/v2\/pages\/3704","targetHints":{"allow":["GET"]}}],"collection":[{"href":"http:\/\/pascalchesnot.com\/fr\/wp-json\/wp\/v2\/pages"}],"about":[{"href":"http:\/\/pascalchesnot.com\/fr\/wp-json\/wp\/v2\/types\/page"}],"author":[{"embeddable":true,"href":"http:\/\/pascalchesnot.com\/fr\/wp-json\/wp\/v2\/users\/2"}],"replies":[{"embeddable":true,"href":"http:\/\/pascalchesnot.com\/fr\/wp-json\/wp\/v2\/comments?post=3704"}],"version-history":[{"count":3,"href":"http:\/\/pascalchesnot.com\/fr\/wp-json\/wp\/v2\/pages\/3704\/revisions"}],"predecessor-version":[{"id":4554,"href":"http:\/\/pascalchesnot.com\/fr\/wp-json\/wp\/v2\/pages\/3704\/revisions\/4554"}],"wp:attachment":[{"href":"http:\/\/pascalchesnot.com\/fr\/wp-json\/wp\/v2\/media?parent=3704"}],"curies":[{"name":"wp","href":"https:\/\/api.w.org\/{rel}","templated":true}]}}